{"id":323,"date":"2020-11-14T07:55:41","date_gmt":"2020-11-14T06:55:41","guid":{"rendered":"https:\/\/www.calcaleio.cat\/?post_type=product&#038;p=323"},"modified":"2026-04-02T10:18:35","modified_gmt":"2026-04-02T09:18:35","slug":"xorico-iberic-tallat-100-gr","status":"publish","type":"product","link":"https:\/\/www.calcaleio.cat\/?product=xorico-iberic-tallat-100-gr","title":{"rendered":"Xori\u00e7o ib\u00e8ric tallat 100 gr."},"content":{"rendered":"<p>Xori\u00e7o ib\u00e8ric tallat 100 gr.<\/p>\n","protected":false},"excerpt":{"rendered":"<p>Xori\u00e7o ib\u00e8ric tallat 100 gr.<\/p>\n","protected":false},"featured_media":757,"comment_status":"open","ping_status":"closed","template":"","meta":[],"product_cat":[27],"product_tag":[],"_links":{"self":[{"href":"https:\/\/www.calcaleio.cat\/index.php?rest_route=\/wp\/v2\/product\/323"}],"collection":[{"href":"https:\/\/www.calcaleio.cat\/index.php?rest_route=\/wp\/v2\/product"}],"about":[{"href":"https:\/\/www.calcaleio.cat\/index.php?rest_route=\/wp\/v2\/types\/product"}],"replies":[{"embeddable":true,"href":"https:\/\/www.calcaleio.cat\/index.php?rest_route=%2Fwp%2Fv2%2Fcomments&post=323"}],"wp:featuredmedia":[{"embeddable":true,"href":"https:\/\/www.calcaleio.cat\/index.php?rest_route=\/wp\/v2\/media\/757"}],"wp:attachment":[{"href":"https:\/\/www.calcaleio.cat\/index.php?rest_route=%2Fwp%2Fv2%2Fmedia&parent=323"}],"wp:term":[{"taxonomy":"product_cat","embeddable":true,"href":"https:\/\/www.calcaleio.cat\/index.php?rest_route=%2Fwp%2Fv2%2Fproduct_cat&post=323"},{"taxonomy":"product_tag","embeddable":true,"href":"https:\/\/www.calcaleio.cat\/index.php?rest_route=%2Fwp%2Fv2%2Fproduct_tag&post=323"}],"curies":[{"name":"wp","href":"https:\/\/api.w.org\/{rel}","templated":true}]}}