{"id":322,"date":"2020-11-14T07:55:40","date_gmt":"2020-11-14T06:55:40","guid":{"rendered":"https:\/\/www.calcaleio.cat\/?post_type=product&#038;p=322"},"modified":"2026-03-30T19:22:28","modified_gmt":"2026-03-30T18:22:28","slug":"xorico-iberic-de-collar-450-gr","status":"publish","type":"product","link":"https:\/\/www.calcaleio.cat\/?product=xorico-iberic-de-collar-450-gr","title":{"rendered":"Xori\u00e7o ib\u00e8ric de collar 450 gr."},"content":{"rendered":"<p>Xori\u00e7o ib\u00e8ric de collar 450 gr.<\/p>\n","protected":false},"excerpt":{"rendered":"<p>Xori\u00e7o ib\u00e8ric de collar 450 gr.<\/p>\n","protected":false},"featured_media":734,"comment_status":"open","ping_status":"closed","template":"","meta":[],"product_cat":[27],"product_tag":[],"_links":{"self":[{"href":"https:\/\/www.calcaleio.cat\/index.php?rest_route=\/wp\/v2\/product\/322"}],"collection":[{"href":"https:\/\/www.calcaleio.cat\/index.php?rest_route=\/wp\/v2\/product"}],"about":[{"href":"https:\/\/www.calcaleio.cat\/index.php?rest_route=\/wp\/v2\/types\/product"}],"replies":[{"embeddable":true,"href":"https:\/\/www.calcaleio.cat\/index.php?rest_route=%2Fwp%2Fv2%2Fcomments&post=322"}],"wp:featuredmedia":[{"embeddable":true,"href":"https:\/\/www.calcaleio.cat\/index.php?rest_route=\/wp\/v2\/media\/734"}],"wp:attachment":[{"href":"https:\/\/www.calcaleio.cat\/index.php?rest_route=%2Fwp%2Fv2%2Fmedia&parent=322"}],"wp:term":[{"taxonomy":"product_cat","embeddable":true,"href":"https:\/\/www.calcaleio.cat\/index.php?rest_route=%2Fwp%2Fv2%2Fproduct_cat&post=322"},{"taxonomy":"product_tag","embeddable":true,"href":"https:\/\/www.calcaleio.cat\/index.php?rest_route=%2Fwp%2Fv2%2Fproduct_tag&post=322"}],"curies":[{"name":"wp","href":"https:\/\/api.w.org\/{rel}","templated":true}]}}