{"id":264,"date":"2020-11-10T12:31:22","date_gmt":"2020-11-10T11:31:22","guid":{"rendered":"https:\/\/www.calcaleio.cat\/?post_type=product&#038;p=264"},"modified":"2020-11-17T12:32:16","modified_gmt":"2020-11-17T11:32:16","slug":"jarret-de-vedella-sencer","status":"publish","type":"product","link":"https:\/\/www.calcaleio.cat\/?product=jarret-de-vedella-sencer","title":{"rendered":"Jarret de vedella (sencer)"},"content":{"rendered":"<p>1 pe\u00e7a de jarret de vedella, tallada per fricand\u00f3 o lligada, especifiqueu-nos com ho voldrieu. Amb un p\u00e9s aproximat de 2 kg.<\/p>\n","protected":false},"excerpt":{"rendered":"<p>1 pe\u00e7a de jarret de vedella, tallada per fricand\u00f3 o lligada, especifiqueu-nos com ho voldrieu. Amb un p\u00e9s aproximat de 2 kg.<\/p>\n","protected":false},"featured_media":189,"comment_status":"open","ping_status":"closed","template":"","meta":[],"product_cat":[21],"product_tag":[],"_links":{"self":[{"href":"https:\/\/www.calcaleio.cat\/index.php?rest_route=\/wp\/v2\/product\/264"}],"collection":[{"href":"https:\/\/www.calcaleio.cat\/index.php?rest_route=\/wp\/v2\/product"}],"about":[{"href":"https:\/\/www.calcaleio.cat\/index.php?rest_route=\/wp\/v2\/types\/product"}],"replies":[{"embeddable":true,"href":"https:\/\/www.calcaleio.cat\/index.php?rest_route=%2Fwp%2Fv2%2Fcomments&post=264"}],"wp:featuredmedia":[{"embeddable":true,"href":"https:\/\/www.calcaleio.cat\/index.php?rest_route=\/wp\/v2\/media\/189"}],"wp:attachment":[{"href":"https:\/\/www.calcaleio.cat\/index.php?rest_route=%2Fwp%2Fv2%2Fmedia&parent=264"}],"wp:term":[{"taxonomy":"product_cat","embeddable":true,"href":"https:\/\/www.calcaleio.cat\/index.php?rest_route=%2Fwp%2Fv2%2Fproduct_cat&post=264"},{"taxonomy":"product_tag","embeddable":true,"href":"https:\/\/www.calcaleio.cat\/index.php?rest_route=%2Fwp%2Fv2%2Fproduct_tag&post=264"}],"curies":[{"name":"wp","href":"https:\/\/api.w.org\/{rel}","templated":true}]}}