{"id":263,"date":"2020-11-10T12:31:21","date_gmt":"2020-11-10T11:31:21","guid":{"rendered":"https:\/\/www.calcaleio.cat\/?post_type=product&#038;p=263"},"modified":"2020-11-10T13:16:25","modified_gmt":"2020-11-10T12:16:25","slug":"rodo-despatlla-de-vedella-sencer","status":"publish","type":"product","link":"https:\/\/www.calcaleio.cat\/?product=rodo-despatlla-de-vedella-sencer","title":{"rendered":"Rod\u00f3 d&#8217;espatlla de vedella (sencer)"},"content":{"rendered":"<p>1 pe\u00e7a de rod\u00f3 d&#8217;espatlla de vedella lligat. Pes aproximat 1,25 Kg.<\/p>\n","protected":false},"excerpt":{"rendered":"<p>1 pe\u00e7a de rod\u00f3 d&#8217;espatlla de vedella lligat. Pes aproximat 1,25 Kg.<\/p>\n","protected":false},"featured_media":0,"comment_status":"open","ping_status":"closed","template":"","meta":[],"product_cat":[21],"product_tag":[],"_links":{"self":[{"href":"https:\/\/www.calcaleio.cat\/index.php?rest_route=\/wp\/v2\/product\/263"}],"collection":[{"href":"https:\/\/www.calcaleio.cat\/index.php?rest_route=\/wp\/v2\/product"}],"about":[{"href":"https:\/\/www.calcaleio.cat\/index.php?rest_route=\/wp\/v2\/types\/product"}],"replies":[{"embeddable":true,"href":"https:\/\/www.calcaleio.cat\/index.php?rest_route=%2Fwp%2Fv2%2Fcomments&post=263"}],"wp:attachment":[{"href":"https:\/\/www.calcaleio.cat\/index.php?rest_route=%2Fwp%2Fv2%2Fmedia&parent=263"}],"wp:term":[{"taxonomy":"product_cat","embeddable":true,"href":"https:\/\/www.calcaleio.cat\/index.php?rest_route=%2Fwp%2Fv2%2Fproduct_cat&post=263"},{"taxonomy":"product_tag","embeddable":true,"href":"https:\/\/www.calcaleio.cat\/index.php?rest_route=%2Fwp%2Fv2%2Fproduct_tag&post=263"}],"curies":[{"name":"wp","href":"https:\/\/api.w.org\/{rel}","templated":true}]}}